{"id":40,"date":"2026-04-30T15:13:58","date_gmt":"2026-04-30T13:13:58","guid":{"rendered":"https:\/\/fqpone.fr\/index.php\/articles\/"},"modified":"2026-05-01T00:15:34","modified_gmt":"2026-04-30T22:15:34","slug":"articles","status":"publish","type":"page","link":"https:\/\/fqpone.fr\/index.php\/articles\/","title":{"rendered":"Articles"},"content":{"rendered":"\t\t<div data-elementor-type=\"wp-page\" data-elementor-id=\"40\" class=\"elementor elementor-40\" data-elementor-post-type=\"page\">\n\t\t\t\t<div class=\"elementor-element elementor-element-7dcdf85e e-flex e-con-boxed e-con e-parent\" data-id=\"7dcdf85e\" data-element_type=\"container\" data-e-type=\"container\">\n\t\t\t\t\t<div class=\"e-con-inner\">\n\t\t<div class=\"elementor-element elementor-element-7bef9ec0 e-con-full e-flex e-con e-child\" data-id=\"7bef9ec0\" data-element_type=\"container\" data-e-type=\"container\">\n\t\t\t\t<div class=\"elementor-element elementor-element-6364d29a elementor-widget elementor-widget-heading\" data-id=\"6364d29a\" data-element_type=\"widget\" data-e-type=\"widget\" data-widget_type=\"heading.default\">\n\t\t\t\t\t<h2 class=\"elementor-heading-title elementor-size-default\">LE BLOG FQP1<\/h2>\t\t\t\t<\/div>\n\t\t\t\t<div class=\"elementor-element elementor-element-52fde93d elementor-widget elementor-widget-heading\" data-id=\"52fde93d\" data-element_type=\"widget\" data-e-type=\"widget\" data-widget_type=\"heading.default\">\n\t\t\t\t\t<h2 class=\"elementor-heading-title elementor-size-default\">Anticiper \u2013 Comprendre \u2013 Transformer<\/h2>\t\t\t\t<\/div>\n\t\t\t\t<\/div>\n\t\t\t\t<div class=\"elementor-element elementor-element-64c4aa1c elementor-widget elementor-widget-text-editor\" data-id=\"64c4aa1c\" data-element_type=\"widget\" data-e-type=\"widget\" data-widget_type=\"text-editor.default\">\n\t\t\t\t\t\t\t\t\t<p><span data-contrast=\"none\">Le monde de la Qualit\u00e9, de la r\u00e9glementation, de la conformit\u00e9 et de l\u2019Intelligence Artificielle, \u00e9volue \u00e0 une vitesse sans pr\u00e9c\u00e9dent. Le BLOG FQP1 est un espace de r\u00e9flexions et de veille r\u00e9glementaire, retours d\u2019exp\u00e9riences, et innovations qui se croisent pour vous donner une longueur d\u2019avance.\u00a0<\/span><span data-ccp-props=\"{&quot;201341983&quot;:0,&quot;335551550&quot;:6,&quot;335551620&quot;:6,&quot;335559739&quot;:0,&quot;335559740&quot;:240,&quot;469777462&quot;:[426,3986],&quot;469777927&quot;:[0,0],&quot;469777928&quot;:[1,1]}\">\u00a0<\/span><\/p><p><span data-contrast=\"none\">Ici, pas de th\u00e9orie impr\u00e9cise\u202f: Des analyses concr\u00e8tes, des exp\u00e9riences v\u00e9cues et des tendances d\u00e9crypt\u00e9es pour vous aider \u00e0 anticiper les changements et transformer tous vos d\u00e9fis en opportunit\u00e9s.<\/span><span data-ccp-props=\"{&quot;335551550&quot;:6,&quot;335551620&quot;:6,&quot;469777462&quot;:[426,3986],&quot;469777927&quot;:[0,0],&quot;469777928&quot;:[1,1]}\">\u00a0<\/span><\/p>\t\t\t\t\t\t\t\t<\/div>\n\t\t\t\t\t<\/div>\n\t\t\t\t<\/div>\n\t\t<div class=\"elementor-element elementor-element-6618307c e-flex e-con-boxed e-con e-parent\" data-id=\"6618307c\" data-element_type=\"container\" data-e-type=\"container\">\n\t\t\t\t\t<div class=\"e-con-inner\">\n\t\t\t\t<div class=\"elementor-element elementor-element-9cb0edb elementor-posts--align-left elementor-grid-2 elementor-grid-tablet-2 elementor-grid-mobile-1 elementor-posts--thumbnail-top elementor-card-shadow-yes elementor-posts__hover-gradient elementor-widget elementor-widget-posts\" data-id=\"9cb0edb\" data-element_type=\"widget\" data-e-type=\"widget\" data-settings=\"{&quot;pagination_type&quot;:&quot;numbers_and_prev_next&quot;,&quot;cards_columns&quot;:&quot;2&quot;,&quot;cards_columns_tablet&quot;:&quot;2&quot;,&quot;cards_columns_mobile&quot;:&quot;1&quot;,&quot;cards_row_gap&quot;:{&quot;unit&quot;:&quot;px&quot;,&quot;size&quot;:35,&quot;sizes&quot;:[]},&quot;cards_row_gap_widescreen&quot;:{&quot;unit&quot;:&quot;px&quot;,&quot;size&quot;:&quot;&quot;,&quot;sizes&quot;:[]},&quot;cards_row_gap_laptop&quot;:{&quot;unit&quot;:&quot;px&quot;,&quot;size&quot;:&quot;&quot;,&quot;sizes&quot;:[]},&quot;cards_row_gap_tablet_extra&quot;:{&quot;unit&quot;:&quot;px&quot;,&quot;size&quot;:&quot;&quot;,&quot;sizes&quot;:[]},&quot;cards_row_gap_tablet&quot;:{&quot;unit&quot;:&quot;px&quot;,&quot;size&quot;:&quot;&quot;,&quot;sizes&quot;:[]},&quot;cards_row_gap_mobile_extra&quot;:{&quot;unit&quot;:&quot;px&quot;,&quot;size&quot;:&quot;&quot;,&quot;sizes&quot;:[]},&quot;cards_row_gap_mobile&quot;:{&quot;unit&quot;:&quot;px&quot;,&quot;size&quot;:&quot;&quot;,&quot;sizes&quot;:[]}}\" data-widget_type=\"posts.cards\">\n\t\t\t\t<div class=\"elementor-widget-container\">\n\t\t\t\t\t\t\t<div class=\"elementor-posts-container elementor-posts elementor-posts--skin-cards elementor-grid\" role=\"list\">\n\t\t\t\t<article class=\"elementor-post elementor-grid-item post-288 post type-post status-publish format-standard has-post-thumbnail hentry category-article\" role=\"listitem\">\n\t\t\t<div class=\"elementor-post__card\">\n\t\t\t\t<a class=\"elementor-post__thumbnail__link\" href=\"https:\/\/fqpone.fr\/index.php\/2026\/04\/30\/laudit-pourquoi-un-tel-affaissement-parmi-les-outils-qualite-les-plus-performants\/\" tabindex=\"-1\" target=\"_blank\"><div class=\"elementor-post__thumbnail\"><img fetchpriority=\"high\" decoding=\"async\" width=\"2560\" height=\"640\" src=\"https:\/\/fqpone.fr\/wp-content\/uploads\/2026\/01\/Olivier.B-Banniere-1-scaled-1.png\" class=\"attachment-full size-full wp-image-61\" alt=\"\" srcset=\"https:\/\/fqpone.fr\/wp-content\/uploads\/2026\/01\/Olivier.B-Banniere-1-scaled-1.png 2560w, https:\/\/fqpone.fr\/wp-content\/uploads\/2026\/01\/Olivier.B-Banniere-1-scaled-1-300x75.png 300w, https:\/\/fqpone.fr\/wp-content\/uploads\/2026\/01\/Olivier.B-Banniere-1-scaled-1-1024x256.png 1024w, https:\/\/fqpone.fr\/wp-content\/uploads\/2026\/01\/Olivier.B-Banniere-1-scaled-1-768x192.png 768w, https:\/\/fqpone.fr\/wp-content\/uploads\/2026\/01\/Olivier.B-Banniere-1-scaled-1-1536x384.png 1536w, https:\/\/fqpone.fr\/wp-content\/uploads\/2026\/01\/Olivier.B-Banniere-1-scaled-1-2048x512.png 2048w\" sizes=\"(max-width: 2560px) 100vw, 2560px\" \/><\/div><\/a>\n\t\t\t\t<div class=\"elementor-post__badge\">Article<\/div>\n\t\t\t\t<div class=\"elementor-post__text\">\n\t\t\t\t<h3 class=\"elementor-post__title\">\n\t\t\t<a href=\"https:\/\/fqpone.fr\/index.php\/2026\/04\/30\/laudit-pourquoi-un-tel-affaissement-parmi-les-outils-qualite-les-plus-performants\/\" target=&quot;_blank&quot;>\n\t\t\t\tL&rsquo;AUDIT : POURQUOI UN TEL AFFAISSEMENT PARMI LES OUTILS QUALIT\u00c9 LES PLUS PERFORMANTS\t\t\t<\/a>\n\t\t<\/h3>\n\t\t\t\t\t<div class=\"elementor-post__read-more-wrapper\">\n\t\t\n\t\t<a class=\"elementor-post__read-more\" href=\"https:\/\/fqpone.fr\/index.php\/2026\/04\/30\/laudit-pourquoi-un-tel-affaissement-parmi-les-outils-qualite-les-plus-performants\/\" aria-label=\"En savoir plus sur L&rsquo;AUDIT : POURQUOI UN TEL AFFAISSEMENT PARMI LES OUTILS QUALIT\u00c9 LES PLUS PERFORMANTS\" tabindex=\"-1\" target=\"_blank\">\n\t\t\tLire \u00bb\t\t<\/a>\n\n\t\t\t\t\t<\/div>\n\t\t\t\t<\/div>\n\t\t\t\t<div class=\"elementor-post__meta-data\">\n\t\t\t\t\t<span class=\"elementor-post-date\">\n\t\t\t30 avril 2026\t\t<\/span>\n\t\t\t\t<\/div>\n\t\t\t\t\t<\/div>\n\t\t<\/article>\n\t\t\t\t<article class=\"elementor-post elementor-grid-item post-62 post type-post status-publish format-standard has-post-thumbnail hentry category-article\" role=\"listitem\">\n\t\t\t<div class=\"elementor-post__card\">\n\t\t\t\t<a class=\"elementor-post__thumbnail__link\" href=\"https:\/\/fqpone.fr\/index.php\/2026\/04\/30\/les-12-fondamentaux-qualite\/\" tabindex=\"-1\" target=\"_blank\"><div class=\"elementor-post__thumbnail\"><img fetchpriority=\"high\" decoding=\"async\" width=\"2560\" height=\"640\" src=\"https:\/\/fqpone.fr\/wp-content\/uploads\/2026\/01\/Olivier.B-Banniere-1-scaled-1.png\" class=\"attachment-full size-full wp-image-61\" alt=\"\" srcset=\"https:\/\/fqpone.fr\/wp-content\/uploads\/2026\/01\/Olivier.B-Banniere-1-scaled-1.png 2560w, https:\/\/fqpone.fr\/wp-content\/uploads\/2026\/01\/Olivier.B-Banniere-1-scaled-1-300x75.png 300w, https:\/\/fqpone.fr\/wp-content\/uploads\/2026\/01\/Olivier.B-Banniere-1-scaled-1-1024x256.png 1024w, https:\/\/fqpone.fr\/wp-content\/uploads\/2026\/01\/Olivier.B-Banniere-1-scaled-1-768x192.png 768w, https:\/\/fqpone.fr\/wp-content\/uploads\/2026\/01\/Olivier.B-Banniere-1-scaled-1-1536x384.png 1536w, https:\/\/fqpone.fr\/wp-content\/uploads\/2026\/01\/Olivier.B-Banniere-1-scaled-1-2048x512.png 2048w\" sizes=\"(max-width: 2560px) 100vw, 2560px\" \/><\/div><\/a>\n\t\t\t\t<div class=\"elementor-post__badge\">Article<\/div>\n\t\t\t\t<div class=\"elementor-post__text\">\n\t\t\t\t<h3 class=\"elementor-post__title\">\n\t\t\t<a href=\"https:\/\/fqpone.fr\/index.php\/2026\/04\/30\/les-12-fondamentaux-qualite\/\" target=&quot;_blank&quot;>\n\t\t\t\tLES 12 FONDAMENTAUX QUALIT\u00c9\t\t\t<\/a>\n\t\t<\/h3>\n\t\t\t\t\t<div class=\"elementor-post__read-more-wrapper\">\n\t\t\n\t\t<a class=\"elementor-post__read-more\" href=\"https:\/\/fqpone.fr\/index.php\/2026\/04\/30\/les-12-fondamentaux-qualite\/\" aria-label=\"En savoir plus sur LES 12 FONDAMENTAUX QUALIT\u00c9\" tabindex=\"-1\" target=\"_blank\">\n\t\t\tLire \u00bb\t\t<\/a>\n\n\t\t\t\t\t<\/div>\n\t\t\t\t<\/div>\n\t\t\t\t<div class=\"elementor-post__meta-data\">\n\t\t\t\t\t<span class=\"elementor-post-date\">\n\t\t\t30 avril 2026\t\t<\/span>\n\t\t\t\t<\/div>\n\t\t\t\t\t<\/div>\n\t\t<\/article>\n\t\t\t\t<\/div>\n\t\t\n\t\t\t\t\t\t<\/div>\n\t\t\t\t<\/div>\n\t\t\t\t\t<\/div>\n\t\t\t\t<\/div>\n\t\t\t\t<\/div>\n\t\t","protected":false},"excerpt":{"rendered":"<p>LE BLOG FQP1 Anticiper \u2013 Comprendre \u2013 Transformer Le monde<\/p>\n","protected":false},"author":1,"featured_media":0,"parent":0,"menu_order":0,"comment_status":"closed","ping_status":"closed","template":"","meta":{"site-sidebar-layout":"no-sidebar","site-content-layout":"","ast-site-content-layout":"full-width-container","site-content-style":"default","site-sidebar-style":"default","ast-global-header-display":"","ast-banner-title-visibility":"","ast-main-header-display":"","ast-hfb-above-header-display":"","ast-hfb-below-header-display":"","ast-hfb-mobile-header-display":"","site-post-title":"disabled","ast-breadcrumbs-content":"","ast-featured-img":"disabled","footer-sml-layout":"","ast-disable-related-posts":"","theme-transparent-header-meta":"","adv-header-id-meta":"","stick-header-meta":"","header-above-stick-meta":"","header-main-stick-meta":"","header-below-stick-meta":"","astra-migrate-meta-layouts":"default","ast-page-background-enabled":"default","ast-page-background-meta":[],"ast-content-background-meta":[],"footnotes":""},"class_list":["post-40","page","type-page","status-publish","hentry"],"_links":{"self":[{"href":"https:\/\/fqpone.fr\/index.php\/wp-json\/wp\/v2\/pages\/40","targetHints":{"allow":["GET"]}}],"collection":[{"href":"https:\/\/fqpone.fr\/index.php\/wp-json\/wp\/v2\/pages"}],"about":[{"href":"https:\/\/fqpone.fr\/index.php\/wp-json\/wp\/v2\/types\/page"}],"author":[{"embeddable":true,"href":"https:\/\/fqpone.fr\/index.php\/wp-json\/wp\/v2\/users\/1"}],"replies":[{"embeddable":true,"href":"https:\/\/fqpone.fr\/index.php\/wp-json\/wp\/v2\/comments?post=40"}],"version-history":[{"count":28,"href":"https:\/\/fqpone.fr\/index.php\/wp-json\/wp\/v2\/pages\/40\/revisions"}],"predecessor-version":[{"id":376,"href":"https:\/\/fqpone.fr\/index.php\/wp-json\/wp\/v2\/pages\/40\/revisions\/376"}],"wp:attachment":[{"href":"https:\/\/fqpone.fr\/index.php\/wp-json\/wp\/v2\/media?parent=40"}],"curies":[{"name":"wp","href":"https:\/\/api.w.org\/{rel}","templated":true}]}}